{"id":3366,"date":"2024-12-11T12:51:06","date_gmt":"2024-12-11T12:51:06","guid":{"rendered":"https:\/\/centre.iium.edu.my\/centris\/?page_id=3366"},"modified":"2026-01-14T02:49:25","modified_gmt":"2026-01-14T02:49:25","slug":"nswvq-visit-to-bank-rakyat","status":"publish","type":"page","link":"https:\/\/centre.iium.edu.my\/centris\/nswvq-visit-to-bank-rakyat\/","title":{"rendered":"NSWVQ Visit to Bank Rakyat"},"content":{"rendered":"\n<figure class=\"wp-block-image size-large\"><img fetchpriority=\"high\" decoding=\"async\" width=\"1024\" height=\"768\" src=\"https:\/\/centre.iium.edu.my\/centris\/wp-content\/uploads\/sites\/4\/2024\/12\/1-2048x1536-2-1024x768.jpeg\" alt=\"\" class=\"wp-image-3401\" srcset=\"https:\/\/centre.iium.edu.my\/centris\/wp-content\/uploads\/sites\/4\/2024\/12\/1-2048x1536-2-1024x768.jpeg 1024w, https:\/\/centre.iium.edu.my\/centris\/wp-content\/uploads\/sites\/4\/2024\/12\/1-2048x1536-2-300x225.jpeg 300w, https:\/\/centre.iium.edu.my\/centris\/wp-content\/uploads\/sites\/4\/2024\/12\/1-2048x1536-2-768x576.jpeg 768w, https:\/\/centre.iium.edu.my\/centris\/wp-content\/uploads\/sites\/4\/2024\/12\/1-2048x1536-2-1536x1152.jpeg 1536w, https:\/\/centre.iium.edu.my\/centris\/wp-content\/uploads\/sites\/4\/2024\/12\/1-2048x1536-2.jpeg 2048w\" sizes=\"(max-width: 1024px) 100vw, 1024px\" \/><\/figure>\n\n\n\n<figure class=\"wp-block-image size-large\"><img decoding=\"async\" width=\"1024\" height=\"768\" src=\"https:\/\/centre.iium.edu.my\/centris\/wp-content\/uploads\/sites\/4\/2024\/12\/1-2-2048x1536-1-1024x768.jpeg\" alt=\"\" class=\"wp-image-3400\" srcset=\"https:\/\/centre.iium.edu.my\/centris\/wp-content\/uploads\/sites\/4\/2024\/12\/1-2-2048x1536-1-1024x768.jpeg 1024w, https:\/\/centre.iium.edu.my\/centris\/wp-content\/uploads\/sites\/4\/2024\/12\/1-2-2048x1536-1-300x225.jpeg 300w, https:\/\/centre.iium.edu.my\/centris\/wp-content\/uploads\/sites\/4\/2024\/12\/1-2-2048x1536-1-768x576.jpeg 768w, https:\/\/centre.iium.edu.my\/centris\/wp-content\/uploads\/sites\/4\/2024\/12\/1-2-2048x1536-1-1536x1152.jpeg 1536w, https:\/\/centre.iium.edu.my\/centris\/wp-content\/uploads\/sites\/4\/2024\/12\/1-2-2048x1536-1.jpeg 2048w\" sizes=\"(max-width: 1024px) 100vw, 1024px\" \/><\/figure>\n\n\n\n<figure class=\"wp-block-image size-large is-resized\"><img decoding=\"async\" width=\"768\" height=\"1024\" src=\"https:\/\/centre.iium.edu.my\/centris\/wp-content\/uploads\/sites\/4\/2024\/12\/2-1-768x1024.jpeg\" alt=\"\" class=\"wp-image-3399\" style=\"width:1024px;height:auto\" srcset=\"https:\/\/centre.iium.edu.my\/centris\/wp-content\/uploads\/sites\/4\/2024\/12\/2-1-768x1024.jpeg 768w, https:\/\/centre.iium.edu.my\/centris\/wp-content\/uploads\/sites\/4\/2024\/12\/2-1-225x300.jpeg 225w, https:\/\/centre.iium.edu.my\/centris\/wp-content\/uploads\/sites\/4\/2024\/12\/2-1.jpeg 810w\" sizes=\"(max-width: 768px) 100vw, 768px\" \/><\/figure>\n\n\n\n<figure class=\"wp-block-image size-large is-resized\"><img loading=\"lazy\" decoding=\"async\" width=\"768\" height=\"1024\" src=\"https:\/\/centre.iium.edu.my\/centris\/wp-content\/uploads\/sites\/4\/2024\/12\/3-1-768x1024.jpeg\" alt=\"\" class=\"wp-image-3398\" style=\"width:1029px;height:auto\" srcset=\"https:\/\/centre.iium.edu.my\/centris\/wp-content\/uploads\/sites\/4\/2024\/12\/3-1-768x1024.jpeg 768w, https:\/\/centre.iium.edu.my\/centris\/wp-content\/uploads\/sites\/4\/2024\/12\/3-1-225x300.jpeg 225w, https:\/\/centre.iium.edu.my\/centris\/wp-content\/uploads\/sites\/4\/2024\/12\/3-1.jpeg 810w\" sizes=\"(max-width: 768px) 100vw, 768px\" \/><\/figure>\n\r\n<p>Wenn Sie professionelle Unterst\u00fctzung ben\u00f6tigen, k\u00f6nnen Sie ein <a href=\"https:\/\/ghostwriter-oesterreich.at\/expose-schreiben-lassen\/\" style=\"text-decoration: none !important;color: inherit !important\">expose schreiben lassen<\/a> von erfahrenen Experten in Anspruch nehmen.<\/p>","protected":false},"excerpt":{"rendered":"<p>Wenn Sie professionelle Unterst\u00fctzung ben\u00f6tigen, k\u00f6nnen Sie ein expose schreiben lassen von erfahrenen Experten in Anspruch nehmen.<\/p>\n","protected":false},"author":43,"featured_media":0,"parent":0,"menu_order":0,"comment_status":"closed","ping_status":"closed","template":"","meta":{"site-sidebar-layout":"default","site-content-layout":"","ast-site-content-layout":"","site-content-style":"default","site-sidebar-style":"default","ast-global-header-display":"","ast-banner-title-visibility":"","ast-main-header-display":"","ast-hfb-above-header-display":"","ast-hfb-below-header-display":"","ast-hfb-mobile-header-display":"","site-post-title":"","ast-breadcrumbs-content":"","ast-featured-img":"","footer-sml-layout":"","theme-transparent-header-meta":"","adv-header-id-meta":"","stick-header-meta":"","header-above-stick-meta":"","header-main-stick-meta":"","header-below-stick-meta":"","astra-migrate-meta-layouts":"default","ast-page-background-enabled":"default","ast-page-background-meta":{"desktop":{"background-color":"var(--ast-global-color-4)","background-image":"","background-repeat":"repeat","background-position":"center center","background-size":"auto","background-attachment":"scroll","background-type":"","background-media":"","overlay-type":"","overlay-color":"","overlay-opacity":"","overlay-gradient":""},"tablet":{"background-color":"","background-image":"","background-repeat":"repeat","background-position":"center center","background-size":"auto","background-attachment":"scroll","background-type":"","background-media":"","overlay-type":"","overlay-color":"","overlay-opacity":"","overlay-gradient":""},"mobile":{"background-color":"","background-image":"","background-repeat":"repeat","background-position":"center center","background-size":"auto","background-attachment":"scroll","background-type":"","background-media":"","overlay-type":"","overlay-color":"","overlay-opacity":"","overlay-gradient":""}},"ast-content-background-meta":{"desktop":{"background-color":"var(--ast-global-color-5)","background-image":"","background-repeat":"repeat","background-position":"center center","background-size":"auto","background-attachment":"scroll","background-type":"","background-media":"","overlay-type":"","overlay-color":"","overlay-opacity":"","overlay-gradient":""},"tablet":{"background-color":"var(--ast-global-color-5)","background-image":"","background-repeat":"repeat","background-position":"center center","background-size":"auto","background-attachment":"scroll","background-type":"","background-media":"","overlay-type":"","overlay-color":"","overlay-opacity":"","overlay-gradient":""},"mobile":{"background-color":"var(--ast-global-color-5)","background-image":"","background-repeat":"repeat","background-position":"center center","background-size":"auto","background-attachment":"scroll","background-type":"","background-media":"","overlay-type":"","overlay-color":"","overlay-opacity":"","overlay-gradient":""}},"footnotes":""},"class_list":["post-3366","page","type-page","status-publish","hentry"],"_links":{"self":[{"href":"https:\/\/centre.iium.edu.my\/centris\/wp-json\/wp\/v2\/pages\/3366","targetHints":{"allow":["GET"]}}],"collection":[{"href":"https:\/\/centre.iium.edu.my\/centris\/wp-json\/wp\/v2\/pages"}],"about":[{"href":"https:\/\/centre.iium.edu.my\/centris\/wp-json\/wp\/v2\/types\/page"}],"author":[{"embeddable":true,"href":"https:\/\/centre.iium.edu.my\/centris\/wp-json\/wp\/v2\/users\/43"}],"replies":[{"embeddable":true,"href":"https:\/\/centre.iium.edu.my\/centris\/wp-json\/wp\/v2\/comments?post=3366"}],"version-history":[{"count":3,"href":"https:\/\/centre.iium.edu.my\/centris\/wp-json\/wp\/v2\/pages\/3366\/revisions"}],"predecessor-version":[{"id":5167,"href":"https:\/\/centre.iium.edu.my\/centris\/wp-json\/wp\/v2\/pages\/3366\/revisions\/5167"}],"wp:attachment":[{"href":"https:\/\/centre.iium.edu.my\/centris\/wp-json\/wp\/v2\/media?parent=3366"}],"curies":[{"name":"wp","href":"https:\/\/api.w.org\/{rel}","templated":true}]}}