{"id":454,"date":"2023-08-03T07:58:47","date_gmt":"2023-08-03T07:58:47","guid":{"rendered":"https:\/\/centre.iium.edu.my\/cfs\/?page_id=454"},"modified":"2023-11-06T03:20:28","modified_gmt":"2023-11-06T03:20:28","slug":"department-of-human-sciences","status":"publish","type":"page","link":"https:\/\/centre.iium.edu.my\/cfs\/department-of-human-sciences\/","title":{"rendered":"Department of Human Sciences"},"content":{"rendered":"\t\t<div data-elementor-type=\"wp-page\" data-elementor-id=\"454\" class=\"elementor elementor-454\" data-elementor-settings=\"{&quot;ha_cmc_init_switcher&quot;:&quot;no&quot;}\">\n\t\t\t\t\t\t<section class=\"elementor-section elementor-top-section elementor-element elementor-element-d05f18f elementor-section-boxed elementor-section-height-default elementor-section-height-default wpr-particle-no wpr-jarallax-no wpr-parallax-no wpr-sticky-section-no\" data-id=\"d05f18f\" data-element_type=\"section\" data-e-type=\"section\" data-settings=\"{&quot;_ha_eqh_enable&quot;:false}\">\n\t\t\t\t\t\t<div class=\"elementor-container elementor-column-gap-default\">\n\t\t\t\t\t<div class=\"elementor-column elementor-col-100 elementor-top-column elementor-element elementor-element-30d0c0ca\" data-id=\"30d0c0ca\" data-element_type=\"column\" data-e-type=\"column\">\n\t\t\t<div class=\"elementor-widget-wrap elementor-element-populated\">\n\t\t\t\t\t\t<div class=\"elementor-element elementor-element-544dba1d elementor-widget elementor-widget-text-editor\" data-id=\"544dba1d\" data-element_type=\"widget\" data-e-type=\"widget\" data-widget_type=\"text-editor.default\">\n\t\t\t\t<div class=\"elementor-widget-container\">\n\t\t\t\t\t\t\t\t\t\n<figure class=\"wp-block-image size-large\"><img fetchpriority=\"high\" decoding=\"async\" width=\"1024\" height=\"724\" class=\"wp-image-1421\" src=\"https:\/\/centre.iium.edu.my\/cfs\/wp-content\/uploads\/sites\/7\/2023\/11\/2.-DHS-Picture-of-all-staff_page-0001-1024x724.jpg\" alt=\"\" srcset=\"https:\/\/centre.iium.edu.my\/cfs\/wp-content\/uploads\/sites\/7\/2023\/11\/2.-DHS-Picture-of-all-staff_page-0001-1024x724.jpg 1024w, https:\/\/centre.iium.edu.my\/cfs\/wp-content\/uploads\/sites\/7\/2023\/11\/2.-DHS-Picture-of-all-staff_page-0001-300x212.jpg 300w, https:\/\/centre.iium.edu.my\/cfs\/wp-content\/uploads\/sites\/7\/2023\/11\/2.-DHS-Picture-of-all-staff_page-0001-768x543.jpg 768w, https:\/\/centre.iium.edu.my\/cfs\/wp-content\/uploads\/sites\/7\/2023\/11\/2.-DHS-Picture-of-all-staff_page-0001-1536x1086.jpg 1536w, https:\/\/centre.iium.edu.my\/cfs\/wp-content\/uploads\/sites\/7\/2023\/11\/2.-DHS-Picture-of-all-staff_page-0001-2048x1448.jpg 2048w\" sizes=\"(max-width: 1024px) 100vw, 1024px\" \/><\/figure>\n\n<div class=\"wp-block-group\"><div class=\"wp-block-group__inner-container is-layout-flow wp-block-group-is-layout-flow\"><\/div><\/div>\n\t\t\t\t\t\t\t\t<\/div>\n\t\t\t\t<\/div>\n\t\t\t\t\t<\/div>\n\t\t<\/div>\n\t\t\t\t\t<\/div>\n\t\t<\/section>\n\t\t\t\t<section class=\"elementor-section elementor-top-section elementor-element elementor-element-8c06034 elementor-section-boxed elementor-section-height-default elementor-section-height-default wpr-particle-no wpr-jarallax-no wpr-parallax-no wpr-sticky-section-no\" data-id=\"8c06034\" data-element_type=\"section\" data-e-type=\"section\" data-settings=\"{&quot;_ha_eqh_enable&quot;:false}\">\n\t\t\t\t\t\t<div class=\"elementor-container elementor-column-gap-default\">\n\t\t\t\t\t<div class=\"elementor-column elementor-col-100 elementor-top-column elementor-element elementor-element-149742f\" data-id=\"149742f\" data-element_type=\"column\" data-e-type=\"column\">\n\t\t\t<div class=\"elementor-widget-wrap elementor-element-populated\">\n\t\t\t\t\t\t<div class=\"elementor-element elementor-element-255af5a elementor-widget elementor-widget-elementskit-simple-tab\" data-id=\"255af5a\" data-element_type=\"widget\" data-e-type=\"widget\" data-widget_type=\"elementskit-simple-tab.default\">\n\t\t\t\t<div class=\"elementor-widget-container\">\n\t\t\t\t\t<div class=\"ekit-wid-con\" >        <div class=\"elementkit-tab-wraper vertical  elementskit-fitcontent-tab \">\n            <ul class=\"nav nav-tabs elementkit-tab-nav  elementskit_pregress_style elementskit_pregress_style\">\n                                    <li class=\"elementkit-nav-item elementor-repeater-item-1b18e3d\">\n                        <a class=\"elementkit-nav-link  active show left-pos\" id=\"content-1b18e3d69d2231aea699-tab\" data-ekit-handler-id=\"about-us\" data-ekit-toggle=\"tab\" data-target=\"#content-1b18e3d69d2231aea699\" href=\"#Content-1b18e3d69d2231aea699\"\n                            data-ekit-toggle-trigger=\"click\"\n                            aria-describedby=\"Content-1b18e3d69d2231aea699\">\n                                                        <span class=\"elementskit-tab-title\"> About Us<\/span>\n                        <\/a>\n                    <\/li>\n                                        <li class=\"elementkit-nav-item elementor-repeater-item-941ec77\">\n                        <a class=\"elementkit-nav-link  left-pos\" id=\"content-941ec7769d2231aea699-tab\" data-ekit-handler-id=\"organisation-chart\" data-ekit-toggle=\"tab\" data-target=\"#content-941ec7769d2231aea699\" href=\"#Content-941ec7769d2231aea699\"\n                            data-ekit-toggle-trigger=\"click\"\n                            aria-describedby=\"Content-941ec7769d2231aea699\">\n                                                        <span class=\"elementskit-tab-title\"> Organisation Chart<\/span>\n                        <\/a>\n                    <\/li>\n                                        <li class=\"elementkit-nav-item elementor-repeater-item-c63631c\">\n                        <a class=\"elementkit-nav-link  left-pos\" id=\"content-c63631c69d2231aea699-tab\" data-ekit-handler-id=\"curriculum-structure\" data-ekit-toggle=\"tab\" data-target=\"#content-c63631c69d2231aea699\" href=\"#Content-c63631c69d2231aea699\"\n                            data-ekit-toggle-trigger=\"click\"\n                            aria-describedby=\"Content-c63631c69d2231aea699\">\n                                                        <span class=\"elementskit-tab-title\"> Curriculum Structure<\/span>\n                        <\/a>\n                    <\/li>\n                                        <li class=\"elementkit-nav-item elementor-repeater-item-078d157\">\n                        <a class=\"elementkit-nav-link  left-pos\" id=\"content-078d15769d2231aea699-tab\" data-ekit-handler-id=\"course-synopsis\" data-ekit-toggle=\"tab\" data-target=\"#content-078d15769d2231aea699\" href=\"#Content-078d15769d2231aea699\"\n                            data-ekit-toggle-trigger=\"click\"\n                            aria-describedby=\"Content-078d15769d2231aea699\">\n                                                        <span class=\"elementskit-tab-title\"> Course Synopsis<\/span>\n                        <\/a>\n                    <\/li>\n                                <\/ul>\n\n            <div class=\"tab-content elementkit-tab-content\">\n                                    <div class=\"tab-pane elementkit-tab-pane elementor-repeater-item-1b18e3d  active show\" id=\"content-1b18e3d69d2231aea699\" role=\"tabpanel\"\n                         aria-labelledby=\"content-1b18e3d69d2231aea699-tab\">\n                        <div class=\"animated fadeIn\">\n                            <div class=\"wp-block-group\">\n<p><span data-contrast=\"none\">Department of Human Sciences was established in early 2015 after the separation from Department of Islamic Revealed Knowledge which used to be known as Department of Islamic Revealed Knowledge and Human Sciences (IRKHS). It is now one of the academic departments at the Centre for Foundation Studies IIUM Gambang campus, with over 700 students and 18 full-time academic staff.\u00a0<\/span><span data-ccp-props=\"{&quot;201341983&quot;:0,&quot;335559739&quot;:160,&quot;335559740&quot;:259}\">\u00a0<\/span><\/p>\n<!-- \/wp:paragraph --><!-- wp:paragraph -->\n<p><b><span data-contrast=\"none\">Programmes Offered<\/span><\/b><span data-ccp-props=\"{&quot;201341983&quot;:0,&quot;335559739&quot;:160,&quot;335559740&quot;:259}\">\u00a0<\/span><\/p>\n<!-- \/wp:paragraph --><!-- wp:list {\"ordered\":true} -->\n<ol>\n<li><span data-contrast=\"none\"> Foundation in Human Sciences<\/span><\/li>\n<li><span data-contrast=\"none\"> Foundation in English<\/span><\/li>\n<li><span data-contrast=\"none\"> Foundation in Arabic<\/span><\/li>\n<\/ol>\n<!-- \/wp:list --><!-- wp:paragraph -->\n<p><b><span data-contrast=\"none\">Courses Offered<\/span><\/b><span data-ccp-props=\"{&quot;201341983&quot;:0,&quot;335559739&quot;:0,&quot;335559740&quot;:259}\">\u00a0<\/span><\/p>\n<!-- \/wp:paragraph --><!-- wp:paragraph -->\n<p><span data-contrast=\"none\">Foundation in Human Sciences\u00a0<\/span><span data-ccp-props=\"{&quot;201341983&quot;:0,&quot;335559739&quot;:0,&quot;335559740&quot;:259}\">\u00a0<\/span><\/p>\n<!-- \/wp:paragraph --><!-- wp:list {\"ordered\":true} -->\n<ol>\n<li><span data-contrast=\"none\"> Introduction to Communication<\/span><\/li>\n<li><span data-contrast=\"none\"> Introduction to Sociology &amp; Anthropology<\/span><\/li>\n<li><span data-contrast=\"none\"> Introduction to Political Science<\/span><\/li>\n<li><span data-contrast=\"none\"> Introduction to Psychology<\/span><\/li>\n<li><span data-contrast=\"none\"> Introduction to History<\/span><\/li>\n<\/ol>\n<!-- \/wp:list --><!-- wp:paragraph -->\n<p><span data-contrast=\"none\">Foundation in English\u00a0<\/span><span data-ccp-props=\"{&quot;201341983&quot;:0,&quot;335559739&quot;:0,&quot;335559740&quot;:259}\">\u00a0<\/span><\/p>\n<!-- \/wp:paragraph --><!-- wp:list {\"ordered\":true} -->\n<ol>\n<li><span data-contrast=\"none\"> Introduction to Communication<\/span><\/li>\n<li><span data-contrast=\"none\"> Introduction to Linguistics<\/span><\/li>\n<li><span data-contrast=\"none\"> Reading &amp; Analysing Poetry<\/span><\/li>\n<li><span data-contrast=\"none\"> Introduction to Drama &amp; Fiction<\/span><\/li>\n<li><span data-contrast=\"none\"> Introduction to Applied Linguistics<\/span><\/li>\n<\/ol>\n<!-- \/wp:list --><!-- wp:paragraph -->\n<p><span data-contrast=\"none\">Foundation in Arabic<\/span><span data-ccp-props=\"{&quot;201341983&quot;:0,&quot;335559739&quot;:0,&quot;335559740&quot;:259}\">\u00a0<\/span><\/p>\n<!-- \/wp:paragraph --><!-- wp:list {\"ordered\":true} -->\n<ol>\n<li><span data-contrast=\"auto\"> Al-Na\u1e25w Wa Al-\u1e62arf<\/span><\/li>\n<li><span data-contrast=\"auto\"> Mah\u0101r\u0101t Al-Kit\u0101bah<\/span><\/li>\n<li><span data-contrast=\"auto\"> Mah\u0101r\u0101t Al-Qir\u0101\u02beah<\/span><\/li>\n<li><span data-contrast=\"auto\"> Al-Adab Al-\u02bfArab\u012b<\/span><\/li>\n<\/ol>\n<!-- \/wp:list --><\/div>\n<p><!-- \/wp:group --><!-- wp:paragraph --><\/p>\n<p>\u00a0<\/p>                        <\/div>\n                    <\/div>\n                                    <div class=\"tab-pane elementkit-tab-pane elementor-repeater-item-941ec77 \" id=\"content-941ec7769d2231aea699\" role=\"tabpanel\"\n                         aria-labelledby=\"content-941ec7769d2231aea699-tab\">\n                        <div class=\"animated fadeIn\">\n                            <p><img decoding=\"async\" class=\"alignnone wp-image-1462 size-full\" src=\"https:\/\/centre.iium.edu.my\/cfs\/wp-content\/uploads\/sites\/7\/2023\/11\/DHS-Organisational-Chart.png\" alt=\"\" width=\"4678\" height=\"6623\" srcset=\"https:\/\/centre.iium.edu.my\/cfs\/wp-content\/uploads\/sites\/7\/2023\/11\/DHS-Organisational-Chart.png 4678w, https:\/\/centre.iium.edu.my\/cfs\/wp-content\/uploads\/sites\/7\/2023\/11\/DHS-Organisational-Chart-212x300.png 212w, https:\/\/centre.iium.edu.my\/cfs\/wp-content\/uploads\/sites\/7\/2023\/11\/DHS-Organisational-Chart-723x1024.png 723w, https:\/\/centre.iium.edu.my\/cfs\/wp-content\/uploads\/sites\/7\/2023\/11\/DHS-Organisational-Chart-768x1087.png 768w, https:\/\/centre.iium.edu.my\/cfs\/wp-content\/uploads\/sites\/7\/2023\/11\/DHS-Organisational-Chart-1085x1536.png 1085w, https:\/\/centre.iium.edu.my\/cfs\/wp-content\/uploads\/sites\/7\/2023\/11\/DHS-Organisational-Chart-1447x2048.png 1447w\" sizes=\"(max-width: 4678px) 100vw, 4678px\" \/><\/p>\n<p><a href=\"https:\/\/centre.iium.edu.my\/cfs\/wp-content\/uploads\/sites\/7\/2023\/11\/DHS-Organisational-Chart.png\">Department of Human Sciences Organisation Chart<\/a><\/p>                        <\/div>\n                    <\/div>\n                                    <div class=\"tab-pane elementkit-tab-pane elementor-repeater-item-c63631c \" id=\"content-c63631c69d2231aea699\" role=\"tabpanel\"\n                         aria-labelledby=\"content-c63631c69d2231aea699-tab\">\n                        <div class=\"animated fadeIn\">\n                            <p><a href=\"https:\/\/centre.iium.edu.my\/cfs\/wp-content\/uploads\/sites\/7\/2023\/11\/4.-DHS-Curriculum-Structure-1.pdf\">DHS Curriculum Structure<\/a><\/p>                        <\/div>\n                    <\/div>\n                                    <div class=\"tab-pane elementkit-tab-pane elementor-repeater-item-078d157 \" id=\"content-078d15769d2231aea699\" role=\"tabpanel\"\n                         aria-labelledby=\"content-078d15769d2231aea699-tab\">\n                        <div class=\"animated fadeIn\">\n                            <p><a href=\"https:\/\/centre.iium.edu.my\/cfs\/wp-content\/uploads\/sites\/7\/2023\/11\/5a.-DHS-Course-Synopsis-1.pdf\">DHS Course Synopsis<\/a><\/p>                        <\/div>\n                    <\/div>\n                                \n            <\/div>\n                    <\/div>\n    <\/div>\t\t\t\t<\/div>\n\t\t\t\t<\/div>\n\t\t\t\t\t<\/div>\n\t\t<\/div>\n\t\t\t\t\t<\/div>\n\t\t<\/section>\n\t\t\t\t<\/div>\n\t\t","protected":false},"excerpt":{"rendered":"<p>About Us Organisation Chart Curriculum Structure Course Synopsis Department of Human Sciences was established in early 2015 after the separation from Department of Islamic Revealed Knowledge which used to be known as Department of Islamic Revealed Knowledge and Human Sciences (IRKHS). It is now one of the academic departments at the Centre for Foundation Studies<\/p>\n<p class=\"more-link\"><a href=\"https:\/\/centre.iium.edu.my\/cfs\/department-of-human-sciences\/\" class=\"themebutton\">Read More<\/a><\/p>\n","protected":false},"author":37,"featured_media":0,"parent":0,"menu_order":0,"comment_status":"closed","ping_status":"closed","template":"","meta":{"tpgb_global_settings":"","footnotes":""},"class_list":["post-454","page","type-page","status-publish","hentry"],"tpgb_featured_images":null,"tpgb_post_meta_info":{"get_date":"03\/08\/2023","get_modified_date":"06\/11\/2023","author_name":"mohdsufian","author_url":"https:\/\/centre.iium.edu.my\/cfs\/author\/mohdsufian\/","author_email":"mohdsufian@iium.edu.my","author_website":"","author_description":"","author_facebook":"","author_twitter":"","author_instagram":"","author_role":["administrator"],"author_firstname":"","author_lastname":"","user_login":"mohdsufian","author_avatar":"<img alt='' src='https:\/\/secure.gravatar.com\/avatar\/e0b418d7d4ac965d9db093b61d04c55b?s=200&#038;d=mm&#038;r=g' srcset='https:\/\/secure.gravatar.com\/avatar\/e0b418d7d4ac965d9db093b61d04c55b?s=400&#038;d=mm&#038;r=g 2x' class='avatar avatar-200 photo' height='200' width='200' decoding='async'\/>","author_avatar_url":"https:\/\/secure.gravatar.com\/avatar\/e0b418d7d4ac965d9db093b61d04c55b?s=96&d=mm&r=g","comment_count":0,"post_likes":0,"post_views":0},"tpgb_post_category":[],"_links":{"self":[{"href":"https:\/\/centre.iium.edu.my\/cfs\/wp-json\/wp\/v2\/pages\/454","targetHints":{"allow":["GET"]}}],"collection":[{"href":"https:\/\/centre.iium.edu.my\/cfs\/wp-json\/wp\/v2\/pages"}],"about":[{"href":"https:\/\/centre.iium.edu.my\/cfs\/wp-json\/wp\/v2\/types\/page"}],"author":[{"embeddable":true,"href":"https:\/\/centre.iium.edu.my\/cfs\/wp-json\/wp\/v2\/users\/37"}],"replies":[{"embeddable":true,"href":"https:\/\/centre.iium.edu.my\/cfs\/wp-json\/wp\/v2\/comments?post=454"}],"version-history":[{"count":37,"href":"https:\/\/centre.iium.edu.my\/cfs\/wp-json\/wp\/v2\/pages\/454\/revisions"}],"predecessor-version":[{"id":1527,"href":"https:\/\/centre.iium.edu.my\/cfs\/wp-json\/wp\/v2\/pages\/454\/revisions\/1527"}],"wp:attachment":[{"href":"https:\/\/centre.iium.edu.my\/cfs\/wp-json\/wp\/v2\/media?parent=454"}],"curies":[{"name":"wp","href":"https:\/\/api.w.org\/{rel}","templated":true}]}}