{"id":458,"date":"2023-08-03T07:59:29","date_gmt":"2023-08-03T07:59:29","guid":{"rendered":"https:\/\/centre.iium.edu.my\/cfs\/?page_id=458"},"modified":"2025-06-13T09:29:21","modified_gmt":"2025-06-13T01:29:21","slug":"department-of-islamic-revealed-knowledge","status":"publish","type":"page","link":"https:\/\/centre.iium.edu.my\/cfs\/department-of-islamic-revealed-knowledge\/","title":{"rendered":"Department of Islamic Revealed Knowledge"},"content":{"rendered":"\t\t<div data-elementor-type=\"wp-page\" data-elementor-id=\"458\" class=\"elementor elementor-458\" data-elementor-settings=\"{&quot;ha_cmc_init_switcher&quot;:&quot;no&quot;}\">\n\t\t\t\t\t\t<section class=\"elementor-section elementor-top-section elementor-element elementor-element-e30c329 elementor-section-boxed elementor-section-height-default elementor-section-height-default wpr-particle-no wpr-jarallax-no wpr-parallax-no wpr-sticky-section-no\" data-id=\"e30c329\" data-element_type=\"section\" data-e-type=\"section\" data-settings=\"{&quot;_ha_eqh_enable&quot;:false}\">\n\t\t\t\t\t\t<div class=\"elementor-container elementor-column-gap-default\">\n\t\t\t\t\t<div class=\"elementor-column elementor-col-100 elementor-top-column elementor-element elementor-element-80b7582\" data-id=\"80b7582\" data-element_type=\"column\" data-e-type=\"column\">\n\t\t\t<div class=\"elementor-widget-wrap elementor-element-populated\">\n\t\t\t\t\t\t<div class=\"elementor-element elementor-element-b4fead7 elementor-widget elementor-widget-image\" data-id=\"b4fead7\" data-element_type=\"widget\" data-e-type=\"widget\" data-widget_type=\"image.default\">\n\t\t\t\t<div class=\"elementor-widget-container\">\n\t\t\t\t\t\t\t\t\t\t\t\t\t\t\t<img fetchpriority=\"high\" decoding=\"async\" width=\"1024\" height=\"724\" src=\"https:\/\/centre.iium.edu.my\/cfs\/wp-content\/uploads\/sites\/7\/2025\/06\/IRK-210525-1024x724.png\" class=\"attachment-large size-large wp-image-3577\" alt=\"\" srcset=\"https:\/\/centre.iium.edu.my\/cfs\/wp-content\/uploads\/sites\/7\/2025\/06\/IRK-210525-1024x724.png 1024w, https:\/\/centre.iium.edu.my\/cfs\/wp-content\/uploads\/sites\/7\/2025\/06\/IRK-210525-300x212.png 300w, https:\/\/centre.iium.edu.my\/cfs\/wp-content\/uploads\/sites\/7\/2025\/06\/IRK-210525-768x543.png 768w, https:\/\/centre.iium.edu.my\/cfs\/wp-content\/uploads\/sites\/7\/2025\/06\/IRK-210525-1536x1086.png 1536w, https:\/\/centre.iium.edu.my\/cfs\/wp-content\/uploads\/sites\/7\/2025\/06\/IRK-210525-2048x1448.png 2048w\" sizes=\"(max-width: 1024px) 100vw, 1024px\" \/>\t\t\t\t\t\t\t\t\t\t\t\t\t\t\t<\/div>\n\t\t\t\t<\/div>\n\t\t\t\t\t<\/div>\n\t\t<\/div>\n\t\t\t\t\t<\/div>\n\t\t<\/section>\n\t\t\t\t<section class=\"elementor-section elementor-top-section elementor-element elementor-element-15db4a6 elementor-section-boxed elementor-section-height-default elementor-section-height-default wpr-particle-no wpr-jarallax-no wpr-parallax-no wpr-sticky-section-no\" data-id=\"15db4a6\" data-element_type=\"section\" data-e-type=\"section\" data-settings=\"{&quot;_ha_eqh_enable&quot;:false}\">\n\t\t\t\t\t\t<div class=\"elementor-container elementor-column-gap-default\">\n\t\t\t\t\t<div class=\"elementor-column elementor-col-100 elementor-top-column elementor-element elementor-element-efa885f\" data-id=\"efa885f\" data-element_type=\"column\" data-e-type=\"column\">\n\t\t\t<div class=\"elementor-widget-wrap elementor-element-populated\">\n\t\t\t\t\t\t<div class=\"elementor-element elementor-element-dc60455 elementor-widget elementor-widget-elementskit-simple-tab\" data-id=\"dc60455\" data-element_type=\"widget\" data-e-type=\"widget\" data-widget_type=\"elementskit-simple-tab.default\">\n\t\t\t\t<div class=\"elementor-widget-container\">\n\t\t\t\t\t<div class=\"ekit-wid-con\" >        <div class=\"elementkit-tab-wraper vertical  elementskit-fitcontent-tab \">\n            <ul class=\"nav nav-tabs elementkit-tab-nav  elementskit_tab_border_bottm elementskit_tab_border_bottm\">\n                                    <li class=\"elementkit-nav-item elementor-repeater-item-38fe24f\">\n                        <a class=\"elementkit-nav-link  active show left-pos\" id=\"content-38fe24f69f86d11b8fba-tab\" data-ekit-handler-id=\"about-us\" data-ekit-toggle=\"tab\" data-target=\"#content-38fe24f69f86d11b8fba\" href=\"#Content-38fe24f69f86d11b8fba\"\n                            data-ekit-toggle-trigger=\"click\"\n                            aria-describedby=\"Content-38fe24f69f86d11b8fba\">\n                                                        <span class=\"elementskit-tab-title\"> About Us<\/span>\n                        <\/a>\n                    <\/li>\n                                        <li class=\"elementkit-nav-item elementor-repeater-item-759b2b2\">\n                        <a class=\"elementkit-nav-link  left-pos\" id=\"content-759b2b269f86d11b8fba-tab\" data-ekit-handler-id=\"organisation-chart\" data-ekit-toggle=\"tab\" data-target=\"#content-759b2b269f86d11b8fba\" href=\"#Content-759b2b269f86d11b8fba\"\n                            data-ekit-toggle-trigger=\"click\"\n                            aria-describedby=\"Content-759b2b269f86d11b8fba\">\n                                                        <span class=\"elementskit-tab-title\"> Organisation Chart<\/span>\n                        <\/a>\n                    <\/li>\n                                        <li class=\"elementkit-nav-item elementor-repeater-item-0a07dcc\">\n                        <a class=\"elementkit-nav-link  left-pos\" id=\"content-0a07dcc69f86d11b8fba-tab\" data-ekit-handler-id=\"curriculum-structure\" data-ekit-toggle=\"tab\" data-target=\"#content-0a07dcc69f86d11b8fba\" href=\"#Content-0a07dcc69f86d11b8fba\"\n                            data-ekit-toggle-trigger=\"click\"\n                            aria-describedby=\"Content-0a07dcc69f86d11b8fba\">\n                                                        <span class=\"elementskit-tab-title\"> Curriculum Structure<\/span>\n                        <\/a>\n                    <\/li>\n                                        <li class=\"elementkit-nav-item elementor-repeater-item-a68ef6b\">\n                        <a class=\"elementkit-nav-link  left-pos\" id=\"content-a68ef6b69f86d11b8fba-tab\" data-ekit-handler-id=\"course-synopsis\" data-ekit-toggle=\"tab\" data-target=\"#content-a68ef6b69f86d11b8fba\" href=\"#Content-a68ef6b69f86d11b8fba\"\n                            data-ekit-toggle-trigger=\"click\"\n                            aria-describedby=\"Content-a68ef6b69f86d11b8fba\">\n                                                        <span class=\"elementskit-tab-title\"> Course Synopsis<\/span>\n                        <\/a>\n                    <\/li>\n                                <\/ul>\n\n            <div class=\"tab-content elementkit-tab-content\">\n                                    <div class=\"tab-pane elementkit-tab-pane elementor-repeater-item-38fe24f  active show\" id=\"content-38fe24f69f86d11b8fba\" role=\"tabpanel\"\n                         aria-labelledby=\"content-38fe24f69f86d11b8fba-tab\">\n                        <div class=\"animated fadeIn\">\n                            <p><strong>About Us <\/strong><\/p><p>Department of Islamic Revealed Knowledge was established in early 2015 after the separation from Department of Human Sciences which used to be known as Department of Islamic Revealed Knowledge and Human Sciences (IRKHS). It is now one of the academic departments at the Centre for Foundation Studies IIUM Gambang campus, with over 25 full-time academic staff.<\/p><p>\u00a0<\/p><p><strong>Programmes Offered <\/strong><\/p><p>Foundation in Islamic Revealed Knowledge<\/p><p>\u00a0<\/p><p><strong>Courses Offered <\/strong><\/p><p>Understanding Islam 1 (RKFF 0413)<\/p><p>Understanding Islam 2 (RKFF 0423)<\/p><p>Madkhal il\u0101 al-\u02bfAq\u012bdah al-Isl\u0101miyyah (RKFF 0414)<\/p><p>Madkhal il\u0101 al-Qur\u02be\u0101n wa al-Sunnah (RKFF 0424)<\/p><p>Madkhal il\u0101 al-Fiqh wa U\u1e63\u016blihi (RKFF 0434)<\/p><p>Madkhal il\u0101 Ma\u02bf\u0101rif al-Wa\u1e25y wa al-Tur\u0101th al-Isl\u0101m\u012b (AISF 0434)<\/p>                        <\/div>\n                    <\/div>\n                                    <div class=\"tab-pane elementkit-tab-pane elementor-repeater-item-759b2b2 \" id=\"content-759b2b269f86d11b8fba\" role=\"tabpanel\"\n                         aria-labelledby=\"content-759b2b269f86d11b8fba-tab\">\n                        <div class=\"animated fadeIn\">\n                            <p><img decoding=\"async\" class=\"alignnone wp-image-1523 size-full\" src=\"https:\/\/centre.iium.edu.my\/cfs\/wp-content\/uploads\/sites\/7\/2023\/11\/IRK-ORGANISATION-CHART-scaled.jpg\" alt=\"\" width=\"1706\" height=\"2560\" srcset=\"https:\/\/centre.iium.edu.my\/cfs\/wp-content\/uploads\/sites\/7\/2023\/11\/IRK-ORGANISATION-CHART-scaled.jpg 1706w, https:\/\/centre.iium.edu.my\/cfs\/wp-content\/uploads\/sites\/7\/2023\/11\/IRK-ORGANISATION-CHART-200x300.jpg 200w, https:\/\/centre.iium.edu.my\/cfs\/wp-content\/uploads\/sites\/7\/2023\/11\/IRK-ORGANISATION-CHART-683x1024.jpg 683w, https:\/\/centre.iium.edu.my\/cfs\/wp-content\/uploads\/sites\/7\/2023\/11\/IRK-ORGANISATION-CHART-768x1152.jpg 768w, https:\/\/centre.iium.edu.my\/cfs\/wp-content\/uploads\/sites\/7\/2023\/11\/IRK-ORGANISATION-CHART-1024x1536.jpg 1024w, https:\/\/centre.iium.edu.my\/cfs\/wp-content\/uploads\/sites\/7\/2023\/11\/IRK-ORGANISATION-CHART-1365x2048.jpg 1365w\" sizes=\"(max-width: 1706px) 100vw, 1706px\" \/><\/p>                        <\/div>\n                    <\/div>\n                                    <div class=\"tab-pane elementkit-tab-pane elementor-repeater-item-0a07dcc \" id=\"content-0a07dcc69f86d11b8fba\" role=\"tabpanel\"\n                         aria-labelledby=\"content-0a07dcc69f86d11b8fba-tab\">\n                        <div class=\"animated fadeIn\">\n                            <p><a href=\"https:\/\/centre.iium.edu.my\/cfs\/wp-content\/uploads\/sites\/7\/2023\/11\/IRK-Curriculum-Structure.pdf\">IRK Curriculum Structure<\/a><\/p>                        <\/div>\n                    <\/div>\n                                    <div class=\"tab-pane elementkit-tab-pane elementor-repeater-item-a68ef6b \" id=\"content-a68ef6b69f86d11b8fba\" role=\"tabpanel\"\n                         aria-labelledby=\"content-a68ef6b69f86d11b8fba-tab\">\n                        <div class=\"animated fadeIn\">\n                            <p><a href=\"https:\/\/centre.iium.edu.my\/cfs\/wp-content\/uploads\/sites\/7\/2023\/11\/IRK-COURSE-SYNOPSIS.pdf\">IRK Course Synopsis<\/a><\/p>                        <\/div>\n                    <\/div>\n                                \n            <\/div>\n                    <\/div>\n    <\/div>\t\t\t\t<\/div>\n\t\t\t\t<\/div>\n\t\t\t\t\t<\/div>\n\t\t<\/div>\n\t\t\t\t\t<\/div>\n\t\t<\/section>\n\t\t\t\t<\/div>\n\t\t","protected":false},"excerpt":{"rendered":"<p>\/*! elementor &#8211; v3.22.0 &#8211; 24-06-2024 *\/ .elementor-widget-image{text-align:center}.elementor-widget-image a{display:inline-block}.elementor-widget-image a img[src$=&#8221;.svg&#8221;]{width:48px}.elementor-widget-image img{vertical-align:middle;display:inline-block} About Us Organisation Chart Curriculum Structure Course Synopsis About Us Department of Islamic Revealed Knowledge was established in early 2015 after the separation from Department of Human Sciences which used to be known as Department of Islamic Revealed Knowledge and Human Sciences (IRKHS).<\/p>\n<p class=\"more-link\"><a href=\"https:\/\/centre.iium.edu.my\/cfs\/department-of-islamic-revealed-knowledge\/\" class=\"themebutton\">Read More<\/a><\/p>\n","protected":false},"author":37,"featured_media":0,"parent":0,"menu_order":0,"comment_status":"closed","ping_status":"closed","template":"","meta":{"tpgb_global_settings":"","footnotes":""},"class_list":["post-458","page","type-page","status-publish","hentry"],"tpgb_featured_images":null,"tpgb_post_meta_info":{"get_date":"03\/08\/2023","get_modified_date":"13\/06\/2025","author_name":"mohdsufian","author_url":"https:\/\/centre.iium.edu.my\/cfs\/author\/mohdsufian\/","author_email":"mohdsufian@iium.edu.my","author_website":"","author_description":"","author_facebook":"","author_twitter":"","author_instagram":"","author_role":["administrator"],"author_firstname":"","author_lastname":"","user_login":"mohdsufian","author_avatar":"<img alt='' src='https:\/\/secure.gravatar.com\/avatar\/e0b418d7d4ac965d9db093b61d04c55b?s=200&#038;d=mm&#038;r=g' srcset='https:\/\/secure.gravatar.com\/avatar\/e0b418d7d4ac965d9db093b61d04c55b?s=400&#038;d=mm&#038;r=g 2x' class='avatar avatar-200 photo' height='200' width='200' decoding='async'\/>","author_avatar_url":"https:\/\/secure.gravatar.com\/avatar\/e0b418d7d4ac965d9db093b61d04c55b?s=96&d=mm&r=g","comment_count":0,"post_likes":0,"post_views":0},"tpgb_post_category":[],"_links":{"self":[{"href":"https:\/\/centre.iium.edu.my\/cfs\/wp-json\/wp\/v2\/pages\/458","targetHints":{"allow":["GET"]}}],"collection":[{"href":"https:\/\/centre.iium.edu.my\/cfs\/wp-json\/wp\/v2\/pages"}],"about":[{"href":"https:\/\/centre.iium.edu.my\/cfs\/wp-json\/wp\/v2\/types\/page"}],"author":[{"embeddable":true,"href":"https:\/\/centre.iium.edu.my\/cfs\/wp-json\/wp\/v2\/users\/37"}],"replies":[{"embeddable":true,"href":"https:\/\/centre.iium.edu.my\/cfs\/wp-json\/wp\/v2\/comments?post=458"}],"version-history":[{"count":13,"href":"https:\/\/centre.iium.edu.my\/cfs\/wp-json\/wp\/v2\/pages\/458\/revisions"}],"predecessor-version":[{"id":3580,"href":"https:\/\/centre.iium.edu.my\/cfs\/wp-json\/wp\/v2\/pages\/458\/revisions\/3580"}],"wp:attachment":[{"href":"https:\/\/centre.iium.edu.my\/cfs\/wp-json\/wp\/v2\/media?parent=458"}],"curies":[{"name":"wp","href":"https:\/\/api.w.org\/{rel}","templated":true}]}}