{"id":1069,"date":"2023-01-11T14:37:51","date_gmt":"2023-01-11T14:37:51","guid":{"rendered":"https:\/\/centre.iium.edu.my\/cie\/?page_id=1069"},"modified":"2025-01-27T10:01:48","modified_gmt":"2025-01-27T02:01:48","slug":"turath-reading-series","status":"publish","type":"page","link":"https:\/\/centre.iium.edu.my\/cie\/turath-reading-series\/","title":{"rendered":"Turath Reading Series"},"content":{"rendered":"\t\t<div data-elementor-type=\"wp-page\" data-elementor-id=\"1069\" class=\"elementor elementor-1069\">\n\t\t\t\t\t\t<section class=\"elementor-section elementor-top-section elementor-element elementor-element-a565994 elementor-section-boxed elementor-section-height-default elementor-section-height-default\" data-id=\"a565994\" data-element_type=\"section\" data-e-type=\"section\">\n\t\t\t\t\t\t<div class=\"elementor-container elementor-column-gap-default\">\n\t\t\t\t\t<div class=\"elementor-column elementor-col-100 elementor-top-column elementor-element elementor-element-dcd6713\" data-id=\"dcd6713\" data-element_type=\"column\" data-e-type=\"column\">\n\t\t\t<div class=\"elementor-widget-wrap elementor-element-populated\">\n\t\t\t\t\t\t<div class=\"elementor-element elementor-element-c38f9ed elementor-widget elementor-widget-eael-adv-tabs\" data-id=\"c38f9ed\" data-element_type=\"widget\" data-e-type=\"widget\" data-widget_type=\"eael-adv-tabs.default\">\n\t\t\t\t<div class=\"elementor-widget-container\">\n\t\t\t\t\t        <div data-scroll-on-click=\"no\" data-scroll-speed=\"300\" id=\"eael-advance-tabs-c38f9ed\" class=\"eael-advance-tabs eael-tabs-horizontal  \" data-tabid=\"c38f9ed\">\n            <div class=\"eael-tabs-nav \">\n                <ul class=\"\" role=\"tablist\">\n                                            <li id=\"background\" class=\"active-default eael-tab-item-trigger eael-tab-nav-item\" aria-selected=\"true\" data-tab=\"1\" role=\"tab\" tabindex=\"0\" aria-controls=\"background-tab\" aria-expanded=\"false\">\n                            \n                            \n                            \n                                                            <span class=\"eael-tab-title title-after-icon\" >Background<\/span>                                                    <\/li>\n                                            <li id=\"objective\" class=\"inactive eael-tab-item-trigger eael-tab-nav-item\" aria-selected=\"false\" data-tab=\"2\" role=\"tab\" tabindex=\"-1\" aria-controls=\"objective-tab\" aria-expanded=\"false\">\n                            \n                            \n                            \n                                                            <span class=\"eael-tab-title title-after-icon\" >Objective<\/span>                                                    <\/li>\n                                            <li id=\"list-of-instructors\" class=\"inactive eael-tab-item-trigger eael-tab-nav-item\" aria-selected=\"false\" data-tab=\"3\" role=\"tab\" tabindex=\"-1\" aria-controls=\"list-of-instructors-tab\" aria-expanded=\"false\">\n                            \n                            \n                            \n                                                            <span class=\"eael-tab-title title-after-icon\" >List of Instructors<\/span>                                                    <\/li>\n                    \n                                  <\/ul>\n            <\/div>\n            \n            <div class=\"eael-tabs-content\">\n\t\t        \n                    <div id=\"background-tab\" class=\"clearfix eael-tab-content-item active-default\" data-title-link=\"background-tab\">\n\t\t\t\t        <p style=\"margin-bottom: 10px;font-family: Roboto;font-size: 14px;font-style: normal;font-weight: 400\">Reading the Classical\/Islamic text on economic thought\/ideas provides the researchers the great connection of study in the great books of Islamic tradition. Reading the text, discussing it and interpreting classic texts will be the main part of this program. To make up traditional Islamic economics both researchers and students will be striving together to understand the ideas and principles. Discussions will be conducted in English, but all texts will be read in the original Arabic to assure the most authentic knowledge of the tradition. Also, substantive texts of Qur\u2019an, Sunnah and Fiqh will be studied over the curriculum. The program is intended for those who have attained considerable knowledge of the Islamic tradition such as Arabic, Islamic law and economics.<\/p><p style=\"margin-bottom: 10px;font-family: Roboto;font-size: 14px;font-style: normal;font-weight: 400\">\nThe proposed program will be a collaboration between KENMS Islamisation Unit and Center for Islamic Economics (CIE). The target audience will be academic staff and students of KENMS. CIE will issue certificate of participation to the participants at the end of reading sessions for each classical text. The proposed of the books for the reading session are below:<\/p><p style=\"margin-bottom: 10px;font-family: Roboto;font-size: 14px;font-style: normal;font-weight: 400\">\n<li>1.\tKit\u0101b al-Kasb (Book of Earning a Livelihood) by Mu\u1e25ammad ibn \u1e24asan al-Shayb\u0101n\u012b<\/li>\n<li>2.\tKit\u0101b al-Mak\u0101sib wa al-Wara\u02bf [Book of Earnings and Prudence] by \u1e24\u0101rith ibn Asad al-Mu\u1e25\u0101sib\u012b<\/li>\n<li>3.\tKit\u0101b \u0100d\u0101b al-Kasb wa al-Ma\u02bf\u0101sh [Book of the Ethics of Earning and Livelihood] &amp; Kit\u0101b al-\u1e24al\u0101l wa al-\u1e24ar\u0101m [Book of the Licit and the Illicit] by Ab\u016b \u1e24\u0101mid al-Ghazz\u0101l\u012b<\/li>\n<li>4.\tKit\u0101b al-Ish\u0101rah il\u0101 Ma\u1e25\u0101sin al-Tij\u0101rah [Book of the Guide to the Merits of Commerce] by Ab\u016b Fa\u1e0dl Ja\u02bffar ibn \u02bfAl\u012b al-Dimishq<\/li>\n                    <\/div>\n\t\t        \n                    <div id=\"objective-tab\" class=\"clearfix eael-tab-content-item inactive\" data-title-link=\"objective-tab\">\n\t\t\t\t        <li>To expose academic staff and students of KENMS to the legacy of Muslim scholars in the area of Islamic Economics.<\/li>\n<li>To inspire the staff and students to involve more actively in the Islamisation of human knowledge in the process of teaching and learning.<\/li>\n<li>To cultivate the culture of \u2018Iqra\u2019 in KENMS.<\/li>\n                    <\/div>\n\t\t        \n                    <div id=\"list-of-instructors-tab\" class=\"clearfix eael-tab-content-item inactive\" data-title-link=\"list-of-instructors-tab\">\n\t\t\t\t        <li>Asst Prof Dr Mohamed Aslam Akbar<\/li>\n<li>Assoc. Prof. Dr Ibrahim Nuhu Tahir<\/li>\n<li>Assoc. Prof. Dr Oziev Gapur<\/li>\n<li>Asst. Prof Dr Irwan Ariffin<\/li>\n<li>Asst. Prof. Dr Hayatullah Laluddin<\/li>\n                    <\/div>\n\t\t                    <\/div>\n        <\/div>\n\t\t\t\t<\/div>\n\t\t\t\t<\/div>\n\t\t\t\t\t<\/div>\n\t\t<\/div>\n\t\t\t\t\t<\/div>\n\t\t<\/section>\n\t\t\t\t<section class=\"elementor-section elementor-top-section elementor-element elementor-element-21f667c elementor-section-boxed elementor-section-height-default elementor-section-height-default\" data-id=\"21f667c\" data-element_type=\"section\" data-e-type=\"section\">\n\t\t\t\t\t\t<div class=\"elementor-container elementor-column-gap-default\">\n\t\t\t\t\t<div class=\"elementor-column elementor-col-100 elementor-top-column elementor-element elementor-element-271fb8e\" data-id=\"271fb8e\" data-element_type=\"column\" data-e-type=\"column\">\n\t\t\t<div class=\"elementor-widget-wrap elementor-element-populated\">\n\t\t\t\t\t\t<div class=\"elementor-element elementor-element-39e2332 elementor-widget-divider--view-line elementor-widget elementor-widget-divider\" data-id=\"39e2332\" data-element_type=\"widget\" data-e-type=\"widget\" data-widget_type=\"divider.default\">\n\t\t\t\t<div class=\"elementor-widget-container\">\n\t\t\t\t\t\t\t<div class=\"elementor-divider\">\n\t\t\t<span class=\"elementor-divider-separator\">\n\t\t\t\t\t\t<\/span>\n\t\t<\/div>\n\t\t\t\t\t\t<\/div>\n\t\t\t\t<\/div>\n\t\t\t\t\t<\/div>\n\t\t<\/div>\n\t\t\t\t\t<\/div>\n\t\t<\/section>\n\t\t\t\t<section class=\"elementor-section elementor-top-section elementor-element elementor-element-a749168 elementor-section-boxed elementor-section-height-default elementor-section-height-default\" data-id=\"a749168\" data-element_type=\"section\" data-e-type=\"section\">\n\t\t\t\t\t\t<div class=\"elementor-container elementor-column-gap-default\">\n\t\t\t\t\t<div class=\"elementor-column elementor-col-50 elementor-top-column elementor-element elementor-element-05a9cc3\" data-id=\"05a9cc3\" data-element_type=\"column\" data-e-type=\"column\">\n\t\t\t<div class=\"elementor-widget-wrap elementor-element-populated\">\n\t\t\t\t\t\t<div class=\"elementor-element elementor-element-e1100cb elementor-widget elementor-widget-image\" data-id=\"e1100cb\" data-element_type=\"widget\" data-e-type=\"widget\" data-widget_type=\"image.default\">\n\t\t\t\t<div class=\"elementor-widget-container\">\n\t\t\t\t\t\t\t\t\t\t\t\t<figure class=\"wp-caption\">\n\t\t\t\t\t\t\t\t\t\t<img fetchpriority=\"high\" decoding=\"async\" width=\"724\" height=\"1024\" src=\"https:\/\/centre.iium.edu.my\/cie\/wp-content\/uploads\/sites\/23\/2023\/01\/Turath-reading-series-poster-latest-724x1024.png\" class=\"attachment-large size-large wp-image-1080\" alt=\"\" srcset=\"https:\/\/centre.iium.edu.my\/cie\/wp-content\/uploads\/sites\/23\/2023\/01\/Turath-reading-series-poster-latest-724x1024.png 724w, https:\/\/centre.iium.edu.my\/cie\/wp-content\/uploads\/sites\/23\/2023\/01\/Turath-reading-series-poster-latest-212x300.png 212w, https:\/\/centre.iium.edu.my\/cie\/wp-content\/uploads\/sites\/23\/2023\/01\/Turath-reading-series-poster-latest-768x1086.png 768w, https:\/\/centre.iium.edu.my\/cie\/wp-content\/uploads\/sites\/23\/2023\/01\/Turath-reading-series-poster-latest-1086x1536.png 1086w, https:\/\/centre.iium.edu.my\/cie\/wp-content\/uploads\/sites\/23\/2023\/01\/Turath-reading-series-poster-latest-1448x2048.png 1448w, https:\/\/centre.iium.edu.my\/cie\/wp-content\/uploads\/sites\/23\/2023\/01\/Turath-reading-series-poster-latest.png 1587w\" sizes=\"(max-width: 724px) 100vw, 724px\" \/>\t\t\t\t\t\t\t\t\t\t\t<figcaption class=\"widget-image-caption wp-caption-text\">Launching ceremony<\/figcaption>\n\t\t\t\t\t\t\t\t\t\t<\/figure>\n\t\t\t\t\t\t\t\t\t<\/div>\n\t\t\t\t<\/div>\n\t\t\t\t\t<\/div>\n\t\t<\/div>\n\t\t\t\t<div class=\"elementor-column elementor-col-50 elementor-top-column elementor-element elementor-element-608a23b\" data-id=\"608a23b\" data-element_type=\"column\" data-e-type=\"column\">\n\t\t\t<div class=\"elementor-widget-wrap elementor-element-populated\">\n\t\t\t\t\t\t<div class=\"elementor-element elementor-element-edec4d0 elementor-align-center e-transform elementor-invisible elementor-widget elementor-widget-button\" data-id=\"edec4d0\" data-element_type=\"widget\" data-e-type=\"widget\" data-settings=\"{&quot;_animation&quot;:&quot;fadeInUp&quot;,&quot;_transform_scale_effect_hover&quot;:{&quot;unit&quot;:&quot;px&quot;,&quot;size&quot;:&quot;1.3&quot;,&quot;sizes&quot;:[]},&quot;_transform_scale_effect_hover_tablet&quot;:{&quot;unit&quot;:&quot;px&quot;,&quot;size&quot;:&quot;&quot;,&quot;sizes&quot;:[]},&quot;_transform_scale_effect_hover_mobile&quot;:{&quot;unit&quot;:&quot;px&quot;,&quot;size&quot;:&quot;&quot;,&quot;sizes&quot;:[]}}\" data-widget_type=\"button.default\">\n\t\t\t\t<div class=\"elementor-widget-container\">\n\t\t\t\t\t\t\t\t\t<div class=\"elementor-button-wrapper\">\n\t\t\t\t\t<a class=\"elementor-button elementor-button-link elementor-size-sm\" href=\"https:\/\/drive.google.com\/drive\/folders\/1inrHJPmJ_A3UvpFs1u4z0iMDJV5z3Ptt?usp=sharing\" target=\"_blank\">\n\t\t\t\t\t\t<span class=\"elementor-button-content-wrapper\">\n\t\t\t\t\t\t<span class=\"elementor-button-icon\">\n\t\t\t\t<i aria-hidden=\"true\" class=\"fab fa-google-drive\"><\/i>\t\t\t<\/span>\n\t\t\t\t\t\t\t\t\t<span class=\"elementor-button-text\">Recorded Videos<\/span>\n\t\t\t\t\t<\/span>\n\t\t\t\t\t<\/a>\n\t\t\t\t<\/div>\n\t\t\t\t\t\t\t\t<\/div>\n\t\t\t\t<\/div>\n\t\t\t\t\t<\/div>\n\t\t<\/div>\n\t\t\t\t\t<\/div>\n\t\t<\/section>\n\t\t\t\t<\/div>\n\t\t","protected":false},"excerpt":{"rendered":"<p>Background Objective List of Instructors Reading the Classical\/Islamic text on economic thought\/ideas provides the researchers the great connection of study in the great books of Islamic tradition. Reading the text, discussing it and interpreting classic texts will be the main part of this program. To make up traditional Islamic economics both researchers and students will<\/p>\n<p class=\"more-link\"><a href=\"https:\/\/centre.iium.edu.my\/cie\/turath-reading-series\/\" class=\"themebutton\">Read More<\/a><\/p>\n","protected":false},"author":14,"featured_media":0,"parent":0,"menu_order":0,"comment_status":"closed","ping_status":"closed","template":"","meta":{"footnotes":""},"class_list":["post-1069","page","type-page","status-publish","hentry"],"_links":{"self":[{"href":"https:\/\/centre.iium.edu.my\/cie\/wp-json\/wp\/v2\/pages\/1069","targetHints":{"allow":["GET"]}}],"collection":[{"href":"https:\/\/centre.iium.edu.my\/cie\/wp-json\/wp\/v2\/pages"}],"about":[{"href":"https:\/\/centre.iium.edu.my\/cie\/wp-json\/wp\/v2\/types\/page"}],"author":[{"embeddable":true,"href":"https:\/\/centre.iium.edu.my\/cie\/wp-json\/wp\/v2\/users\/14"}],"replies":[{"embeddable":true,"href":"https:\/\/centre.iium.edu.my\/cie\/wp-json\/wp\/v2\/comments?post=1069"}],"version-history":[{"count":6,"href":"https:\/\/centre.iium.edu.my\/cie\/wp-json\/wp\/v2\/pages\/1069\/revisions"}],"predecessor-version":[{"id":5153,"href":"https:\/\/centre.iium.edu.my\/cie\/wp-json\/wp\/v2\/pages\/1069\/revisions\/5153"}],"wp:attachment":[{"href":"https:\/\/centre.iium.edu.my\/cie\/wp-json\/wp\/v2\/media?parent=1069"}],"curies":[{"name":"wp","href":"https:\/\/api.w.org\/{rel}","templated":true}]}}